{"id":1602,"date":"2024-05-24T12:21:37","date_gmt":"2024-05-24T04:21:37","guid":{"rendered":"https:\/\/www.cnjieyao.com\/product\/jya-006\/"},"modified":"2024-06-28T21:34:00","modified_gmt":"2024-06-28T13:34:00","slug":"jya-006","status":"publish","type":"product","link":"https:\/\/www.cnjieyao.com\/de\/produkt\/jya-006\/","title":{"rendered":"JYA-006"},"content":{"rendered":"<table id=\"customers\" class=\"db\" border=\"0\" data-v-29b286fe=\"\">\n<tbody data-v-29b286fe=\"\">\n<tr data-v-29b286fe=\"\">\n<td data-v-29b286fe=\"\">Material<\/td>\n<td data-v-29b286fe=\"\">Aluminiumlegierung<\/td>\n<\/tr>\n<tr data-v-29b286fe=\"\">\n<td data-v-29b286fe=\"\">R\u00e4der Gr\u00f6\u00dfe<\/td>\n<td data-v-29b286fe=\"\">100mm<\/td>\n<\/tr>\n<tr data-v-29b286fe=\"\">\n<td data-v-29b286fe=\"\">R\u00e4der Material<\/td>\n<td data-v-29b286fe=\"\">PU<\/td>\n<\/tr>\n<tr data-v-29b286fe=\"\">\n<td data-v-29b286fe=\"\">Maximale Gewichtskapazit\u00e4t<\/td>\n<td data-v-29b286fe=\"\">70kg<\/td>\n<\/tr>\n<tr data-v-29b286fe=\"\">\n<td data-v-29b286fe=\"\">Nettogewicht\/Bruttogewicht<\/td>\n<td data-v-29b286fe=\"\">2.9kg\/3.5kg<\/td>\n<\/tr>\n<tr data-v-29b286fe=\"\">\n<td data-v-29b286fe=\"\">Produktgr\u00f6\u00dfe ( ungefaltet)<\/td>\n<td data-v-29b286fe=\"\">62*27.6*64.5cm<\/td>\n<\/tr>\n<tr data-v-29b286fe=\"\">\n<td data-v-29b286fe=\"\">Produktgr\u00f6\u00dfe (gefaltet)<\/td>\n<td data-v-29b286fe=\"\">64*27.6*20.9cm<\/td>\n<\/tr>\n<\/tbody>\n<\/table>\n","protected":false},"excerpt":{"rendered":"<p>Material Aluminiumlegierung R\u00e4der Gr\u00f6\u00dfe 100mm R\u00e4der Material PU Maximale Gewichtskapazit\u00e4t 70kg Nettogewicht\/Bruttogewicht 2.9kg\/3.5kg Produktgr\u00f6\u00dfe ( ungefaltet) 62*27.6*64.5cm Produktgr\u00f6\u00dfe (gefaltet) 64*27.6*20.9cm<\/p>\n","protected":false},"featured_media":1470,"comment_status":"open","ping_status":"closed","template":"","meta":[],"product_brand":[],"product_cat":[56],"product_tag":[57],"class_list":{"0":"post-1602","1":"product","2":"type-product","3":"status-publish","4":"has-post-thumbnail","6":"product_cat-kinder-roller","7":"product_tag-2-rader","9":"first","10":"instock","11":"shipping-taxable","12":"product-type-simple"},"_links":{"self":[{"href":"https:\/\/www.cnjieyao.com\/de\/wp-json\/wp\/v2\/product\/1602","targetHints":{"allow":["GET"]}}],"collection":[{"href":"https:\/\/www.cnjieyao.com\/de\/wp-json\/wp\/v2\/product"}],"about":[{"href":"https:\/\/www.cnjieyao.com\/de\/wp-json\/wp\/v2\/types\/product"}],"replies":[{"embeddable":true,"href":"https:\/\/www.cnjieyao.com\/de\/wp-json\/wp\/v2\/comments?post=1602"}],"version-history":[{"count":1,"href":"https:\/\/www.cnjieyao.com\/de\/wp-json\/wp\/v2\/product\/1602\/revisions"}],"predecessor-version":[{"id":1915,"href":"https:\/\/www.cnjieyao.com\/de\/wp-json\/wp\/v2\/product\/1602\/revisions\/1915"}],"wp:featuredmedia":[{"embeddable":true,"href":"https:\/\/www.cnjieyao.com\/de\/wp-json\/wp\/v2\/media\/1470"}],"wp:attachment":[{"href":"https:\/\/www.cnjieyao.com\/de\/wp-json\/wp\/v2\/media?parent=1602"}],"wp:term":[{"taxonomy":"product_brand","embeddable":true,"href":"https:\/\/www.cnjieyao.com\/de\/wp-json\/wp\/v2\/product_brand?post=1602"},{"taxonomy":"product_cat","embeddable":true,"href":"https:\/\/www.cnjieyao.com\/de\/wp-json\/wp\/v2\/product_cat?post=1602"},{"taxonomy":"product_tag","embeddable":true,"href":"https:\/\/www.cnjieyao.com\/de\/wp-json\/wp\/v2\/product_tag?post=1602"}],"curies":[{"name":"wp","href":"https:\/\/api.w.org\/{rel}","templated":true}]}}