{"id":1618,"date":"2024-05-24T12:31:07","date_gmt":"2024-05-24T04:31:07","guid":{"rendered":"https:\/\/www.cnjieyao.com\/product\/jyk-031\/"},"modified":"2024-06-28T21:26:22","modified_gmt":"2024-06-28T13:26:22","slug":"jyk-031","status":"publish","type":"product","link":"https:\/\/www.cnjieyao.com\/de\/produkt\/jyk-031\/","title":{"rendered":"JYK-031"},"content":{"rendered":"\t\t<div data-elementor-type=\"product-post\" data-elementor-id=\"1618\" class=\"elementor elementor-1618 elementor-195\" data-elementor-post-type=\"product\">\n\t\t\t\t<div data-particle_enable=\"false\" data-particle-mobile-disabled=\"false\" class=\"elementor-element elementor-element-426eb05c e-flex e-con-boxed e-con e-parent\" data-id=\"426eb05c\" data-element_type=\"container\" data-e-type=\"container\">\n\t\t\t\t\t<div class=\"e-con-inner\">\n\t\t\t\t<div class=\"elementor-element elementor-element-5fa67c6 elementor-widget elementor-widget-text-editor\" data-id=\"5fa67c6\" data-element_type=\"widget\" data-e-type=\"widget\" data-widget_type=\"text-editor.default\">\n\t\t\t\t<div class=\"elementor-widget-container\">\n\t\t\t\t\t\t\t\t\t<table id=\"customers\" class=\"db\" border=\"0\" data-v-29b286fe=\"\">\n<tbody data-v-29b286fe=\"\">\n<tr data-v-29b286fe=\"\">\n<td data-v-29b286fe=\"\">Material<\/td>\n<td data-v-29b286fe=\"\">TPR\/NYLON\/PP\/ALUMINIUM<\/td>\n<\/tr>\n<tr data-v-29b286fe=\"\">\n<td data-v-29b286fe=\"\">R\u00e4der Gr\u00f6\u00dfe<\/td>\n<td data-v-29b286fe=\"\">120*40PU 80*48PU<\/td>\n<\/tr>\n<tr data-v-29b286fe=\"\">\n<td data-v-29b286fe=\"\">R\u00e4der Material<\/td>\n<td data-v-29b286fe=\"\">PU<\/td>\n<\/tr>\n<tr data-v-29b286fe=\"\">\n<td data-v-29b286fe=\"\">Maximale Gewichtskapazit\u00e4t<\/td>\n<td data-v-29b286fe=\"\">65kg<\/td>\n<\/tr>\n<tr data-v-29b286fe=\"\">\n<td data-v-29b286fe=\"\">Nettogewicht\/Bruttogewicht<\/td>\n<td data-v-29b286fe=\"\">4.2\/3.2kg<\/td>\n<\/tr>\n<tr data-v-29b286fe=\"\">\n<td data-v-29b286fe=\"\">Produktgr\u00f6\u00dfe ( ungefaltet)<\/td>\n<td data-v-29b286fe=\"\">57.3*26.8*60.3cm<\/td>\n<\/tr>\n<tr data-v-29b286fe=\"\">\n<td data-v-29b286fe=\"\">Produktgr\u00f6\u00dfe (gefaltet)<\/td>\n<td data-v-29b286fe=\"\">59.2*26.8*16.2cm<\/td>\n<\/tr>\n<\/tbody>\n<\/table>\t\t\t\t\t\t\t\t<\/div>\n\t\t\t\t<\/div>\n\t\t\t\t\t<\/div>\n\t\t\t\t<\/div>\n\t\t<div data-particle_enable=\"false\" data-particle-mobile-disabled=\"false\" class=\"elementor-element elementor-element-21d3ae2 e-flex e-con-boxed e-con e-parent\" data-id=\"21d3ae2\" data-element_type=\"container\" data-e-type=\"container\">\n\t\t\t\t\t<div class=\"e-con-inner\">\n\t\t\t\t<div class=\"elementor-element elementor-element-e9284ff elementor-widget elementor-widget-heading\" data-id=\"e9284ff\" data-element_type=\"widget\" data-e-type=\"widget\" data-widget_type=\"heading.default\">\n\t\t\t\t<div class=\"elementor-widget-container\">\n\t\t\t\t\t<h2 class=\"elementor-heading-title elementor-size-default\">Beschreibungen<\/h2>\t\t\t\t<\/div>\n\t\t\t\t<\/div>\n\t\t<div data-particle_enable=\"false\" data-particle-mobile-disabled=\"false\" class=\"elementor-element elementor-element-055c35a e-con-full e-flex e-con e-child\" data-id=\"055c35a\" data-element_type=\"container\" data-e-type=\"container\">\n\t\t\t\t<div class=\"elementor-element elementor-element-49d2b36 elementor-icon-list--layout-inline elementor-align-center elementor-list-item-link-full_width elementor-widget elementor-widget-icon-list\" data-id=\"49d2b36\" data-element_type=\"widget\" data-e-type=\"widget\" data-widget_type=\"icon-list.default\">\n\t\t\t\t<div class=\"elementor-widget-container\">\n\t\t\t\t\t\t\t<ul class=\"elementor-icon-list-items elementor-inline-items\">\n\t\t\t\t\t\t\t<li class=\"elementor-icon-list-item elementor-inline-item\">\n\t\t\t\t\t\t\t\t\t\t<span class=\"elementor-icon-list-text\">  Kinder-Roller  <\/span>\n\t\t\t\t\t\t\t\t\t<\/li>\n\t\t\t\t\t\t\t\t<li class=\"elementor-icon-list-item elementor-inline-item\">\n\t\t\t\t\t\t\t\t\t\t<span class=\"elementor-icon-list-text\">  Licht-Roller Alter  <\/span>\n\t\t\t\t\t\t\t\t\t<\/li>\n\t\t\t\t\t\t\t\t<li class=\"elementor-icon-list-item elementor-inline-item\">\n\t\t\t\t\t\t\t\t\t\t<span class=\"elementor-icon-list-text\">  Kinder-Licht-Roller  <\/span>\n\t\t\t\t\t\t\t\t\t<\/li>\n\t\t\t\t\t\t<\/ul>\n\t\t\t\t\t\t<\/div>\n\t\t\t\t<\/div>\n\t\t\t\t<div class=\"elementor-element elementor-element-b6bb699 elementor-widget-divider--view-line elementor-widget elementor-widget-divider\" data-id=\"b6bb699\" data-element_type=\"widget\" data-e-type=\"widget\" data-widget_type=\"divider.default\">\n\t\t\t\t<div class=\"elementor-widget-container\">\n\t\t\t\t\t\t\t<div class=\"elementor-divider\">\n\t\t\t<span class=\"elementor-divider-separator\">\n\t\t\t\t\t\t<\/span>\n\t\t<\/div>\n\t\t\t\t\t\t<\/div>\n\t\t\t\t<\/div>\n\t\t\t\t<\/div>\n\t\t\t\t<div class=\"elementor-element elementor-element-c50e924 elementor-widget elementor-widget-text-editor\" data-id=\"c50e924\" data-element_type=\"widget\" data-e-type=\"widget\" data-widget_type=\"text-editor.default\">\n\t\t\t\t<div class=\"elementor-widget-container\">\n\t\t\t\t\t\t\t\t\tLIGHT UP SCOOTERS,Dieser 3-r\u00e4drige und selbstbalancierende Scooter ist aus hochwertigem Material gefertigt, um Stabilit\u00e4t und Haltbarkeit zu gew\u00e4hrleisten,<br>Die coolen leuchtenden LEDs am Vorbau und an den R\u00e4dern sorgen f\u00fcr gute Sichtbarkeit und damit f\u00fcr zus\u00e4tzliche Sicherheit.\n\nEs ist ein leicht zu steuernder Roller, der sich perfekt f\u00fcr Anf\u00e4nger eignet.\t\t\t\t\t\t\t\t<\/div>\n\t\t\t\t<\/div>\n\t\t\t\t<div class=\"elementor-element elementor-element-2b8e961 elementor-widget elementor-widget-video\" data-id=\"2b8e961\" data-element_type=\"widget\" data-e-type=\"widget\" data-settings=\"{&quot;youtube_url&quot;:&quot;https:\\\/\\\/youtu.be\\\/ChWI2CO_3FU&quot;,&quot;video_type&quot;:&quot;youtube&quot;,&quot;controls&quot;:&quot;yes&quot;}\" data-widget_type=\"video.default\">\n\t\t\t\t<div class=\"elementor-widget-container\">\n\t\t\t\t\t\t\t<div class=\"elementor-wrapper elementor-open-inline\">\n\t\t\t<div class=\"elementor-video\"><\/div>\t\t<\/div>\n\t\t\t\t\t\t<\/div>\n\t\t\t\t<\/div>\n\t\t\t\t\t<\/div>\n\t\t\t\t<\/div>\n\t\t<div data-particle_enable=\"false\" data-particle-mobile-disabled=\"false\" class=\"elementor-element elementor-element-85d4c9c e-flex e-con-boxed e-con e-parent\" data-id=\"85d4c9c\" data-element_type=\"container\" data-e-type=\"container\">\n\t\t\t\t\t<div class=\"e-con-inner\">\n\t\t<div data-particle_enable=\"false\" data-particle-mobile-disabled=\"false\" class=\"elementor-element elementor-element-200f239 e-flex e-con-boxed e-con e-child\" data-id=\"200f239\" data-element_type=\"container\" data-e-type=\"container\" data-settings=\"{&quot;background_background&quot;:&quot;classic&quot;}\">\n\t\t\t\t\t<div class=\"e-con-inner\">\n\t\t\t\t\t<\/div>\n\t\t\t\t<\/div>\n\t\t<div data-particle_enable=\"false\" data-particle-mobile-disabled=\"false\" class=\"elementor-element elementor-element-89c6b1d e-flex e-con-boxed e-con e-child\" data-id=\"89c6b1d\" data-element_type=\"container\" data-e-type=\"container\" data-settings=\"{&quot;background_background&quot;:&quot;classic&quot;}\">\n\t\t\t\t\t<div class=\"e-con-inner\">\n\t\t\t\t\t<\/div>\n\t\t\t\t<\/div>\n\t\t<div data-particle_enable=\"false\" data-particle-mobile-disabled=\"false\" class=\"elementor-element elementor-element-10e580b e-flex e-con-boxed e-con e-child\" data-id=\"10e580b\" data-element_type=\"container\" data-e-type=\"container\" data-settings=\"{&quot;background_background&quot;:&quot;classic&quot;}\">\n\t\t\t\t\t<div class=\"e-con-inner\">\n\t\t\t\t\t<\/div>\n\t\t\t\t<\/div>\n\t\t\t\t\t<\/div>\n\t\t\t\t<\/div>\n\t\t\t\t<\/div>\n\t\t","protected":false},"excerpt":{"rendered":"<p>1. LIGHT UP SCOOTERS,Dieser 3-r\u00e4drige und selbstbalancierende Scooter ist aus hochwertigem Material gefertigt, um Stabilit\u00e4t und Langlebigkeit zu gew\u00e4hrleisten. Die coolen Leucht-LEDs am Vorbau und an den R\u00e4dern sorgen f\u00fcr hohe Sichtbarkeit und zus\u00e4tzliche Sicherheit. Es ist ein leicht zu steuernder Roller, der sich perfekt f\u00fcr Anf\u00e4nger eignet.<\/p>\n<p>2. Das niedrige Deck erleichtert die Balance, w\u00e4hrend die superweichen, sto\u00dfd\u00e4mpfenden R\u00e4der ein leichtes Cruisen erm\u00f6glichen. Unsere Scooter verf\u00fcgen \u00fcber Vollkontakt-Hinterradbremsen f\u00fcr ein schnelles und einfaches Anhalten ohne gro\u00dfen Kraftaufwand.<\/p>\n<p>3. Dank des zusammenklappbaren Designs k\u00f6nnen Sie Ihren Scooter \u00fcberallhin mitnehmen! Das schnelle, werkzeuglose Falten ist f\u00fcr Kinder ganz einfach.<\/p>\n<p>4. Der kratzfeste T-Lenker aus Aluminium verf\u00fcgt \u00fcber 3 voreingestellte Stufen. Au\u00dferdem kann der Lenker auf jede H\u00f6he zwischen 25,5&#8243; und 32&#8243; eingestellt werden. Finden Sie m\u00fchelos Ihre perfekte Sitzposition.<\/p>\n","protected":false},"featured_media":1383,"comment_status":"open","ping_status":"closed","template":"","meta":[],"product_brand":[],"product_cat":[56],"product_tag":[65],"class_list":{"0":"post-1618","1":"product","2":"type-product","3":"status-publish","4":"has-post-thumbnail","6":"product_cat-kinder-roller","7":"product_tag-3-rader","9":"first","10":"instock","11":"shipping-taxable","12":"product-type-simple"},"_links":{"self":[{"href":"https:\/\/www.cnjieyao.com\/de\/wp-json\/wp\/v2\/product\/1618","targetHints":{"allow":["GET"]}}],"collection":[{"href":"https:\/\/www.cnjieyao.com\/de\/wp-json\/wp\/v2\/product"}],"about":[{"href":"https:\/\/www.cnjieyao.com\/de\/wp-json\/wp\/v2\/types\/product"}],"replies":[{"embeddable":true,"href":"https:\/\/www.cnjieyao.com\/de\/wp-json\/wp\/v2\/comments?post=1618"}],"version-history":[{"count":2,"href":"https:\/\/www.cnjieyao.com\/de\/wp-json\/wp\/v2\/product\/1618\/revisions"}],"predecessor-version":[{"id":1906,"href":"https:\/\/www.cnjieyao.com\/de\/wp-json\/wp\/v2\/product\/1618\/revisions\/1906"}],"wp:featuredmedia":[{"embeddable":true,"href":"https:\/\/www.cnjieyao.com\/de\/wp-json\/wp\/v2\/media\/1383"}],"wp:attachment":[{"href":"https:\/\/www.cnjieyao.com\/de\/wp-json\/wp\/v2\/media?parent=1618"}],"wp:term":[{"taxonomy":"product_brand","embeddable":true,"href":"https:\/\/www.cnjieyao.com\/de\/wp-json\/wp\/v2\/product_brand?post=1618"},{"taxonomy":"product_cat","embeddable":true,"href":"https:\/\/www.cnjieyao.com\/de\/wp-json\/wp\/v2\/product_cat?post=1618"},{"taxonomy":"product_tag","embeddable":true,"href":"https:\/\/www.cnjieyao.com\/de\/wp-json\/wp\/v2\/product_tag?post=1618"}],"curies":[{"name":"wp","href":"https:\/\/api.w.org\/{rel}","templated":true}]}}