{"id":1626,"date":"2024-05-24T12:36:38","date_gmt":"2024-05-24T04:36:38","guid":{"rendered":"https:\/\/www.cnjieyao.com\/product\/jya-008-y\/"},"modified":"2024-07-08T16:25:17","modified_gmt":"2024-07-08T08:25:17","slug":"jya-008-y","status":"publish","type":"product","link":"https:\/\/www.cnjieyao.com\/de\/produkt\/jya-008-y\/","title":{"rendered":"JYA-008-Y"},"content":{"rendered":"<table id=\"customers\" class=\"db\" border=\"0\" data-v-29b286fe=\"\">\n<tbody data-v-29b286fe=\"\">\n<tr data-v-29b286fe=\"\">\n<td data-v-29b286fe=\"\">Material<\/td>\n<td data-v-29b286fe=\"\">Aluminiumlegierung<\/td>\n<\/tr>\n<tr data-v-29b286fe=\"\">\n<td data-v-29b286fe=\"\">R\u00e4der Gr\u00f6\u00dfe<\/td>\n<td data-v-29b286fe=\"\">100mm<\/td>\n<\/tr>\n<tr data-v-29b286fe=\"\">\n<td data-v-29b286fe=\"\">R\u00e4der Material<\/td>\n<td data-v-29b286fe=\"\">PU<\/td>\n<\/tr>\n<tr data-v-29b286fe=\"\">\n<td data-v-29b286fe=\"\">Maximale Gewichtskapazit\u00e4t<\/td>\n<td data-v-29b286fe=\"\">70kg<\/td>\n<\/tr>\n<tr data-v-29b286fe=\"\">\n<td data-v-29b286fe=\"\">Nettogewicht\/Bruttogewicht<\/td>\n<td data-v-29b286fe=\"\">2.6\/3.3KG<\/td>\n<\/tr>\n<tr data-v-29b286fe=\"\">\n<td data-v-29b286fe=\"\">Produktgr\u00f6\u00dfe ( ungefaltet)<\/td>\n<td data-v-29b286fe=\"\">60.9*28.8*62.2cm<\/td>\n<\/tr>\n<tr data-v-29b286fe=\"\">\n<td data-v-29b286fe=\"\">Produktgr\u00f6\u00dfe (gefaltet)<\/td>\n<td data-v-29b286fe=\"\">63*28.8*19.9cm<\/td>\n<\/tr>\n<\/tbody>\n<\/table>\n","protected":false},"excerpt":{"rendered":"<p>1. Durch eine spezielle Oberfl\u00e4chenbehandlung sind unsere coolsten Roller entstanden. Sie haben Stil und eine schnelle, einfache Fahrt, die Kinder lieben werden! Der Vorbau und die R\u00e4der sind mit gut sichtbaren, leuchtenden LEDs ausgestattet.<\/p>\n<p>2. Dank des zusammenklappbaren Designs k\u00f6nnen Sie Ihren Scooter \u00fcberallhin mitnehmen! Das schnelle, werkzeuglose Falten ist f\u00fcr Kinder ganz einfach.<\/p>\n<p>3. Der Scooter ist ein zweir\u00e4driger Scooter mit h\u00f6henverstellbarem Lenker und hinterer Fu\u00dfbremse, der perfekt f\u00fcr Anf\u00e4nger geeignet ist. Der Lenker reicht von 26&#8243; bis 31&#8243;, die 2 R\u00e4der sind jeweils 4&#8243; gro\u00df und eignet sich am besten f\u00fcr Jungen und M\u00e4dchen bis zu 132 lbs. Das Geh\u00e4use ist mit 5,7 Pfund ultraleicht.<\/p>\n","protected":false},"featured_media":1404,"comment_status":"open","ping_status":"closed","template":"","meta":[],"product_brand":[],"product_cat":[56],"product_tag":[57],"class_list":{"0":"post-1626","1":"product","2":"type-product","3":"status-publish","4":"has-post-thumbnail","6":"product_cat-kinder-roller","7":"product_tag-2-rader","9":"first","10":"instock","11":"shipping-taxable","12":"product-type-simple"},"_links":{"self":[{"href":"https:\/\/www.cnjieyao.com\/de\/wp-json\/wp\/v2\/product\/1626","targetHints":{"allow":["GET"]}}],"collection":[{"href":"https:\/\/www.cnjieyao.com\/de\/wp-json\/wp\/v2\/product"}],"about":[{"href":"https:\/\/www.cnjieyao.com\/de\/wp-json\/wp\/v2\/types\/product"}],"replies":[{"embeddable":true,"href":"https:\/\/www.cnjieyao.com\/de\/wp-json\/wp\/v2\/comments?post=1626"}],"version-history":[{"count":1,"href":"https:\/\/www.cnjieyao.com\/de\/wp-json\/wp\/v2\/product\/1626\/revisions"}],"predecessor-version":[{"id":1899,"href":"https:\/\/www.cnjieyao.com\/de\/wp-json\/wp\/v2\/product\/1626\/revisions\/1899"}],"wp:featuredmedia":[{"embeddable":true,"href":"https:\/\/www.cnjieyao.com\/de\/wp-json\/wp\/v2\/media\/1404"}],"wp:attachment":[{"href":"https:\/\/www.cnjieyao.com\/de\/wp-json\/wp\/v2\/media?parent=1626"}],"wp:term":[{"taxonomy":"product_brand","embeddable":true,"href":"https:\/\/www.cnjieyao.com\/de\/wp-json\/wp\/v2\/product_brand?post=1626"},{"taxonomy":"product_cat","embeddable":true,"href":"https:\/\/www.cnjieyao.com\/de\/wp-json\/wp\/v2\/product_cat?post=1626"},{"taxonomy":"product_tag","embeddable":true,"href":"https:\/\/www.cnjieyao.com\/de\/wp-json\/wp\/v2\/product_tag?post=1626"}],"curies":[{"name":"wp","href":"https:\/\/api.w.org\/{rel}","templated":true}]}}