{"id":2044,"date":"2024-11-01T13:15:07","date_gmt":"2024-11-01T05:15:07","guid":{"rendered":"https:\/\/www.cnjieyao.com\/product\/jya-035\/"},"modified":"2024-11-01T13:47:05","modified_gmt":"2024-11-01T05:47:05","slug":"jya-035","status":"publish","type":"product","link":"https:\/\/www.cnjieyao.com\/de\/produkt\/jya-035\/","title":{"rendered":"JYA-035"},"content":{"rendered":"<table id=\"customers\" class=\"db\" border=\"0\" data-v-29b286fe=\"\">\n<tbody data-v-29b286fe=\"\">\n<tr data-v-29b286fe=\"\">\n<td data-v-29b286fe=\"\">Externe Abmessung<\/td>\n<td data-v-29b286fe=\"\">545X285X669mm<\/td>\n<\/tr>\n<tr data-v-29b286fe=\"\">\n<td data-v-29b286fe=\"\">Faltbare Gr\u00f6\u00dfe<\/td>\n<td data-v-29b286fe=\"\">645x285x150mm<\/td>\n<\/tr>\n<tr data-v-29b286fe=\"\">\n<td data-v-29b286fe=\"\">Achsabstand mm<\/td>\n<td data-v-29b286fe=\"\">445mm<\/td>\n<\/tr>\n<tr data-v-29b286fe=\"\">\n<td data-v-29b286fe=\"\">Ob ausfahren (erster\/zweiter\/dritter Gang) Abstand vom Boden mm<\/td>\n<td data-v-29b286fe=\"\">619\/669\/719<\/td>\n<\/tr>\n<tr data-v-29b286fe=\"\">\n<td data-v-29b286fe=\"\">Nettogewicht des leeren Autos<\/td>\n<td data-v-29b286fe=\"\">2.3KG<\/td>\n<\/tr>\n<tr data-v-29b286fe=\"\">\n<td data-v-29b286fe=\"\">Bruttogewicht<\/td>\n<td data-v-29b286fe=\"\">3.2 KG<\/td>\n<\/tr>\n<tr>\n<td>Maximales Lastgewicht<\/td>\n<td>50KG<\/td>\n<\/tr>\n<tr>\n<td>Minimale Bodenfreiheit<\/td>\n<td>20<\/td>\n<\/tr>\n<tr>\n<td>Spezifikationen der Vorder- und Hinterr\u00e4der (vorne\/hinten)<\/td>\n<td>121X24mm<\/td>\n<\/tr>\n<tr>\n<td>Typ der Bremse<\/td>\n<td>Physikalische Bremse<\/td>\n<\/tr>\n<tr>\n<td>Pedal-Lineal (mm)<\/td>\n<td> 286x112mm<\/td>\n<\/tr>\n<tr>\n<td>Abmessungen des Umkartons<\/td>\n<td>575X163X290<\/td>\n<\/tr>\n<\/tbody>\n<\/table>\n","protected":false},"excerpt":{"rendered":"<ul>\n<li>Abnehmbare Stange f\u00fcr einfache Aufbewahrung<\/li>\n<li><strong>2 Fahrm\u00f6glichkeiten:<\/strong> gerade oder diagonale Kurven<\/li>\n<li><strong>H\u00f6henverstellbarer Lenker:<\/strong> H\u00f6henverstellbarer Griff der Stufe 3 f\u00fcr wachsende Kinder<\/li>\n<li><strong>120MM R\u00e4der:<\/strong> Leichtg\u00e4ngige 120mm pu Vorderr\u00e4der<\/li>\n<li><strong>Hintere Bremse:<\/strong> Leicht zu bedienende Bremse f\u00fcr kleine F\u00fc\u00dfe<\/li>\n<\/ul>\n","protected":false},"featured_media":2036,"comment_status":"open","ping_status":"closed","template":"","meta":[],"product_brand":[],"product_cat":[56],"product_tag":[],"class_list":{"0":"post-2044","1":"product","2":"type-product","3":"status-publish","4":"has-post-thumbnail","6":"product_cat-kinder-roller","8":"first","9":"instock","10":"shipping-taxable","11":"product-type-simple"},"_links":{"self":[{"href":"https:\/\/www.cnjieyao.com\/de\/wp-json\/wp\/v2\/product\/2044","targetHints":{"allow":["GET"]}}],"collection":[{"href":"https:\/\/www.cnjieyao.com\/de\/wp-json\/wp\/v2\/product"}],"about":[{"href":"https:\/\/www.cnjieyao.com\/de\/wp-json\/wp\/v2\/types\/product"}],"replies":[{"embeddable":true,"href":"https:\/\/www.cnjieyao.com\/de\/wp-json\/wp\/v2\/comments?post=2044"}],"version-history":[{"count":2,"href":"https:\/\/www.cnjieyao.com\/de\/wp-json\/wp\/v2\/product\/2044\/revisions"}],"predecessor-version":[{"id":2054,"href":"https:\/\/www.cnjieyao.com\/de\/wp-json\/wp\/v2\/product\/2044\/revisions\/2054"}],"wp:featuredmedia":[{"embeddable":true,"href":"https:\/\/www.cnjieyao.com\/de\/wp-json\/wp\/v2\/media\/2036"}],"wp:attachment":[{"href":"https:\/\/www.cnjieyao.com\/de\/wp-json\/wp\/v2\/media?parent=2044"}],"wp:term":[{"taxonomy":"product_brand","embeddable":true,"href":"https:\/\/www.cnjieyao.com\/de\/wp-json\/wp\/v2\/product_brand?post=2044"},{"taxonomy":"product_cat","embeddable":true,"href":"https:\/\/www.cnjieyao.com\/de\/wp-json\/wp\/v2\/product_cat?post=2044"},{"taxonomy":"product_tag","embeddable":true,"href":"https:\/\/www.cnjieyao.com\/de\/wp-json\/wp\/v2\/product_tag?post=2044"}],"curies":[{"name":"wp","href":"https:\/\/api.w.org\/{rel}","templated":true}]}}