{"id":1598,"date":"2024-05-24T12:21:37","date_gmt":"2024-05-24T04:21:37","guid":{"rendered":"https:\/\/www.cnjieyao.com\/product\/jya-006\/"},"modified":"2024-06-28T21:34:05","modified_gmt":"2024-06-28T13:34:05","slug":"jya-006","status":"publish","type":"product","link":"https:\/\/www.cnjieyao.com\/es\/producto\/jya-006\/","title":{"rendered":"JYA-006"},"content":{"rendered":"<table id=\"customers\" class=\"db\" border=\"0\" data-v-29b286fe=\"\">\n<tbody data-v-29b286fe=\"\">\n<tr data-v-29b286fe=\"\">\n<td data-v-29b286fe=\"\">Material<\/td>\n<td data-v-29b286fe=\"\">Aleaci\u00f3n de aluminio<\/td>\n<\/tr>\n<tr data-v-29b286fe=\"\">\n<td data-v-29b286fe=\"\">Tama\u00f1o de las ruedas<\/td>\n<td data-v-29b286fe=\"\">100 mm<\/td>\n<\/tr>\n<tr data-v-29b286fe=\"\">\n<td data-v-29b286fe=\"\">Material de las ruedas<\/td>\n<td data-v-29b286fe=\"\">PU<\/td>\n<\/tr>\n<tr data-v-29b286fe=\"\">\n<td data-v-29b286fe=\"\">Capacidad de peso m\u00e1ximo<\/td>\n<td data-v-29b286fe=\"\">70 kg<\/td>\n<\/tr>\n<tr data-v-29b286fe=\"\">\n<td data-v-29b286fe=\"\">Peso neto\/Peso bruto<\/td>\n<td data-v-29b286fe=\"\">2,9kg\/3,5kg<\/td>\n<\/tr>\n<tr data-v-29b286fe=\"\">\n<td data-v-29b286fe=\"\">Tama\u00f1o del producto (desplegado)<\/td>\n<td data-v-29b286fe=\"\">62*27,6*64,5cm<\/td>\n<\/tr>\n<tr data-v-29b286fe=\"\">\n<td data-v-29b286fe=\"\">Tama\u00f1o del producto ( plegado)<\/td>\n<td data-v-29b286fe=\"\">64*27,6*20,9 cm<\/td>\n<\/tr>\n<\/tbody>\n<\/table>\n","protected":false},"excerpt":{"rendered":"<p>Material Aleaci\u00f3n de aluminio Tama\u00f1o de las ruedas 100 mm Material de las ruedas PU Capacidad de peso m\u00e1ximo 70 kg Peso neto\/Peso bruto 2,9kg\/3,5kg Tama\u00f1o del producto (desplegado) 62*27,6*64,5cm Tama\u00f1o del producto ( plegado) 64*27,6*20,9 cm<\/p>\n","protected":false},"featured_media":1472,"comment_status":"open","ping_status":"closed","template":"","meta":[],"product_brand":[],"product_cat":[58],"product_tag":[59],"class_list":{"0":"post-1598","1":"product","2":"type-product","3":"status-publish","4":"has-post-thumbnail","6":"product_cat-scooter-infantil","7":"product_tag-2-ruedas","9":"first","10":"instock","11":"shipping-taxable","12":"product-type-simple"},"_links":{"self":[{"href":"https:\/\/www.cnjieyao.com\/es\/wp-json\/wp\/v2\/product\/1598","targetHints":{"allow":["GET"]}}],"collection":[{"href":"https:\/\/www.cnjieyao.com\/es\/wp-json\/wp\/v2\/product"}],"about":[{"href":"https:\/\/www.cnjieyao.com\/es\/wp-json\/wp\/v2\/types\/product"}],"replies":[{"embeddable":true,"href":"https:\/\/www.cnjieyao.com\/es\/wp-json\/wp\/v2\/comments?post=1598"}],"version-history":[{"count":1,"href":"https:\/\/www.cnjieyao.com\/es\/wp-json\/wp\/v2\/product\/1598\/revisions"}],"predecessor-version":[{"id":1917,"href":"https:\/\/www.cnjieyao.com\/es\/wp-json\/wp\/v2\/product\/1598\/revisions\/1917"}],"wp:featuredmedia":[{"embeddable":true,"href":"https:\/\/www.cnjieyao.com\/es\/wp-json\/wp\/v2\/media\/1472"}],"wp:attachment":[{"href":"https:\/\/www.cnjieyao.com\/es\/wp-json\/wp\/v2\/media?parent=1598"}],"wp:term":[{"taxonomy":"product_brand","embeddable":true,"href":"https:\/\/www.cnjieyao.com\/es\/wp-json\/wp\/v2\/product_brand?post=1598"},{"taxonomy":"product_cat","embeddable":true,"href":"https:\/\/www.cnjieyao.com\/es\/wp-json\/wp\/v2\/product_cat?post=1598"},{"taxonomy":"product_tag","embeddable":true,"href":"https:\/\/www.cnjieyao.com\/es\/wp-json\/wp\/v2\/product_tag?post=1598"}],"curies":[{"name":"wp","href":"https:\/\/api.w.org\/{rel}","templated":true}]}}