{"id":1604,"date":"2024-05-24T12:27:22","date_gmt":"2024-05-24T04:27:22","guid":{"rendered":"https:\/\/www.cnjieyao.com\/product\/jya-008\/"},"modified":"2024-06-28T21:31:21","modified_gmt":"2024-06-28T13:31:21","slug":"jya-008","status":"publish","type":"product","link":"https:\/\/www.cnjieyao.com\/es\/producto\/jya-008\/","title":{"rendered":"JYA-008"},"content":{"rendered":"<table id=\"customers\" class=\"db\" border=\"0\" data-v-29b286fe=\"\">\n<tbody data-v-29b286fe=\"\">\n<tr data-v-29b286fe=\"\">\n<td data-v-29b286fe=\"\">Material<\/td>\n<td data-v-29b286fe=\"\">Aleaci\u00f3n de aluminio<\/td>\n<\/tr>\n<tr data-v-29b286fe=\"\">\n<td data-v-29b286fe=\"\">Tama\u00f1o de las ruedas<\/td>\n<td data-v-29b286fe=\"\">100 mm<\/td>\n<\/tr>\n<tr data-v-29b286fe=\"\">\n<td data-v-29b286fe=\"\">Material de las ruedas<\/td>\n<td data-v-29b286fe=\"\">PU<\/td>\n<\/tr>\n<tr data-v-29b286fe=\"\">\n<td data-v-29b286fe=\"\">Capacidad de peso m\u00e1ximo<\/td>\n<td data-v-29b286fe=\"\">70 kg<\/td>\n<\/tr>\n<tr data-v-29b286fe=\"\">\n<td data-v-29b286fe=\"\">Peso neto\/Peso bruto<\/td>\n<td data-v-29b286fe=\"\">2,6\/3,3KG<\/td>\n<\/tr>\n<tr data-v-29b286fe=\"\">\n<td data-v-29b286fe=\"\">Tama\u00f1o del producto (desplegado)<\/td>\n<td data-v-29b286fe=\"\">60,9*28,8*62,2 cm<\/td>\n<\/tr>\n<tr data-v-29b286fe=\"\">\n<td data-v-29b286fe=\"\">Tama\u00f1o del producto ( plegado)<\/td>\n<td data-v-29b286fe=\"\">63*28,8*19,9 cm<\/td>\n<\/tr>\n<\/tbody>\n<\/table>\n","protected":false},"excerpt":{"rendered":"<p>1. El proceso especial de tratamiento de la superficie ha hecho que nuestros patinetes m\u00e1s chulos tengan estilo y una conducci\u00f3n r\u00e1pida y f\u00e1cil que a los ni\u00f1os les va a encantar. La potencia y las ruedas tienen LED luminosos de alta visibilidad.<\/p>\n<p>2. El dise\u00f1o plegable permite llevar el patinete a cualquier parte. El r\u00e1pido proceso de plegado sin herramientas es sencillo para los ni\u00f1os.<\/p>\n<p>3. Es un patinete de dos ruedas con manillar regulable en altura y freno de pie trasero, perfecto para principiantes. El manillar alcanza de 26&#8243; a 31&#8243;, las 2 ruedas son de 4&#8243; cada una, y es mejor para ni\u00f1os y ni\u00f1as de hasta 132 lbs. El cuerpo es ultraligero y pesa 1,5 kg.<\/p>\n","protected":false},"featured_media":1388,"comment_status":"open","ping_status":"closed","template":"","meta":[],"product_brand":[],"product_cat":[58],"product_tag":[59],"class_list":{"0":"post-1604","1":"product","2":"type-product","3":"status-publish","4":"has-post-thumbnail","6":"product_cat-scooter-infantil","7":"product_tag-2-ruedas","9":"first","10":"instock","11":"shipping-taxable","12":"product-type-simple"},"_links":{"self":[{"href":"https:\/\/www.cnjieyao.com\/es\/wp-json\/wp\/v2\/product\/1604","targetHints":{"allow":["GET"]}}],"collection":[{"href":"https:\/\/www.cnjieyao.com\/es\/wp-json\/wp\/v2\/product"}],"about":[{"href":"https:\/\/www.cnjieyao.com\/es\/wp-json\/wp\/v2\/types\/product"}],"replies":[{"embeddable":true,"href":"https:\/\/www.cnjieyao.com\/es\/wp-json\/wp\/v2\/comments?post=1604"}],"version-history":[{"count":1,"href":"https:\/\/www.cnjieyao.com\/es\/wp-json\/wp\/v2\/product\/1604\/revisions"}],"predecessor-version":[{"id":1914,"href":"https:\/\/www.cnjieyao.com\/es\/wp-json\/wp\/v2\/product\/1604\/revisions\/1914"}],"wp:featuredmedia":[{"embeddable":true,"href":"https:\/\/www.cnjieyao.com\/es\/wp-json\/wp\/v2\/media\/1388"}],"wp:attachment":[{"href":"https:\/\/www.cnjieyao.com\/es\/wp-json\/wp\/v2\/media?parent=1604"}],"wp:term":[{"taxonomy":"product_brand","embeddable":true,"href":"https:\/\/www.cnjieyao.com\/es\/wp-json\/wp\/v2\/product_brand?post=1604"},{"taxonomy":"product_cat","embeddable":true,"href":"https:\/\/www.cnjieyao.com\/es\/wp-json\/wp\/v2\/product_cat?post=1604"},{"taxonomy":"product_tag","embeddable":true,"href":"https:\/\/www.cnjieyao.com\/es\/wp-json\/wp\/v2\/product_tag?post=1604"}],"curies":[{"name":"wp","href":"https:\/\/api.w.org\/{rel}","templated":true}]}}