{"id":1607,"date":"2024-05-24T12:31:07","date_gmt":"2024-05-24T04:31:07","guid":{"rendered":"https:\/\/www.cnjieyao.com\/product\/jyk-031\/"},"modified":"2024-06-28T21:26:25","modified_gmt":"2024-06-28T13:26:25","slug":"jyk-031","status":"publish","type":"product","link":"https:\/\/www.cnjieyao.com\/es\/producto\/jyk-031\/","title":{"rendered":"JYK-031"},"content":{"rendered":"\t\t<div data-elementor-type=\"product-post\" data-elementor-id=\"1607\" class=\"elementor elementor-1607 elementor-195\" data-elementor-post-type=\"product\">\n\t\t\t\t<div data-particle_enable=\"false\" data-particle-mobile-disabled=\"false\" class=\"elementor-element elementor-element-426eb05c e-flex e-con-boxed e-con e-parent\" data-id=\"426eb05c\" data-element_type=\"container\" data-e-type=\"container\">\n\t\t\t\t\t<div class=\"e-con-inner\">\n\t\t\t\t<div class=\"elementor-element elementor-element-5fa67c6 elementor-widget elementor-widget-text-editor\" data-id=\"5fa67c6\" data-element_type=\"widget\" data-e-type=\"widget\" data-widget_type=\"text-editor.default\">\n\t\t\t\t<div class=\"elementor-widget-container\">\n\t\t\t\t\t\t\t\t\t<table id=\"customers\" class=\"db\" border=\"0\" data-v-29b286fe=\"\">\n<tbody data-v-29b286fe=\"\">\n<tr data-v-29b286fe=\"\">\n<td data-v-29b286fe=\"\">Material<\/td>\n<td data-v-29b286fe=\"\">TPR\/NYLON\/PP\/ALUMINIO<\/td>\n<\/tr>\n<tr data-v-29b286fe=\"\">\n<td data-v-29b286fe=\"\">Tama\u00f1o de las ruedas<\/td>\n<td data-v-29b286fe=\"\">120*40PU 80*48PU<\/td>\n<\/tr>\n<tr data-v-29b286fe=\"\">\n<td data-v-29b286fe=\"\">Material de las ruedas<\/td>\n<td data-v-29b286fe=\"\">PU<\/td>\n<\/tr>\n<tr data-v-29b286fe=\"\">\n<td data-v-29b286fe=\"\">Capacidad de peso m\u00e1ximo<\/td>\n<td data-v-29b286fe=\"\">65 kg<\/td>\n<\/tr>\n<tr data-v-29b286fe=\"\">\n<td data-v-29b286fe=\"\">Peso neto\/Peso bruto<\/td>\n<td data-v-29b286fe=\"\">4,2\/3,2 kg<\/td>\n<\/tr>\n<tr data-v-29b286fe=\"\">\n<td data-v-29b286fe=\"\">Tama\u00f1o del producto (desplegado)<\/td>\n<td data-v-29b286fe=\"\">57,3*26,8*60,3cm<\/td>\n<\/tr>\n<tr data-v-29b286fe=\"\">\n<td data-v-29b286fe=\"\">Tama\u00f1o del producto ( plegado)<\/td>\n<td data-v-29b286fe=\"\">59,2*26,8*16,2 cm<\/td>\n<\/tr>\n<\/tbody>\n<\/table>\t\t\t\t\t\t\t\t<\/div>\n\t\t\t\t<\/div>\n\t\t\t\t\t<\/div>\n\t\t\t\t<\/div>\n\t\t<div data-particle_enable=\"false\" data-particle-mobile-disabled=\"false\" class=\"elementor-element elementor-element-21d3ae2 e-flex e-con-boxed e-con e-parent\" data-id=\"21d3ae2\" data-element_type=\"container\" data-e-type=\"container\">\n\t\t\t\t\t<div class=\"e-con-inner\">\n\t\t\t\t<div class=\"elementor-element elementor-element-e9284ff elementor-widget elementor-widget-heading\" data-id=\"e9284ff\" data-element_type=\"widget\" data-e-type=\"widget\" data-widget_type=\"heading.default\">\n\t\t\t\t<div class=\"elementor-widget-container\">\n\t\t\t\t\t<h2 class=\"elementor-heading-title elementor-size-default\">Descripciones<\/h2>\t\t\t\t<\/div>\n\t\t\t\t<\/div>\n\t\t<div data-particle_enable=\"false\" data-particle-mobile-disabled=\"false\" class=\"elementor-element elementor-element-055c35a e-con-full e-flex e-con e-child\" data-id=\"055c35a\" data-element_type=\"container\" data-e-type=\"container\">\n\t\t\t\t<div class=\"elementor-element elementor-element-49d2b36 elementor-icon-list--layout-inline elementor-align-center elementor-list-item-link-full_width elementor-widget elementor-widget-icon-list\" data-id=\"49d2b36\" data-element_type=\"widget\" data-e-type=\"widget\" data-widget_type=\"icon-list.default\">\n\t\t\t\t<div class=\"elementor-widget-container\">\n\t\t\t\t\t\t\t<ul class=\"elementor-icon-list-items elementor-inline-items\">\n\t\t\t\t\t\t\t<li class=\"elementor-icon-list-item elementor-inline-item\">\n\t\t\t\t\t\t\t\t\t\t<span class=\"elementor-icon-list-text\">  scooter para ni\u00f1os  <\/span>\n\t\t\t\t\t\t\t\t\t<\/li>\n\t\t\t\t\t\t\t\t<li class=\"elementor-icon-list-item elementor-inline-item\">\n\t\t\t\t\t\t\t\t\t\t<span class=\"elementor-icon-list-text\">  patinete luminoso edad  <\/span>\n\t\t\t\t\t\t\t\t\t<\/li>\n\t\t\t\t\t\t\t\t<li class=\"elementor-icon-list-item elementor-inline-item\">\n\t\t\t\t\t\t\t\t\t\t<span class=\"elementor-icon-list-text\">  patinete luminoso infantil  <\/span>\n\t\t\t\t\t\t\t\t\t<\/li>\n\t\t\t\t\t\t<\/ul>\n\t\t\t\t\t\t<\/div>\n\t\t\t\t<\/div>\n\t\t\t\t<div class=\"elementor-element elementor-element-b6bb699 elementor-widget-divider--view-line elementor-widget elementor-widget-divider\" data-id=\"b6bb699\" data-element_type=\"widget\" data-e-type=\"widget\" data-widget_type=\"divider.default\">\n\t\t\t\t<div class=\"elementor-widget-container\">\n\t\t\t\t\t\t\t<div class=\"elementor-divider\">\n\t\t\t<span class=\"elementor-divider-separator\">\n\t\t\t\t\t\t<\/span>\n\t\t<\/div>\n\t\t\t\t\t\t<\/div>\n\t\t\t\t<\/div>\n\t\t\t\t<\/div>\n\t\t\t\t<div class=\"elementor-element elementor-element-c50e924 elementor-widget elementor-widget-text-editor\" data-id=\"c50e924\" data-element_type=\"widget\" data-e-type=\"widget\" data-widget_type=\"text-editor.default\">\n\t\t\t\t<div class=\"elementor-widget-container\">\n\t\t\t\t\t\t\t\t\tEste patinete de 3 ruedas y autoequilibrio est\u00e1 fabricado con materiales de alta calidad para garantizar su estabilidad y durabilidad,<br>Los geniales LED luminosos de la potencia y las ruedas les confieren una gran visibilidad para mayor seguridad.\n\nEs un patinete suave y f\u00e1cil de inclinar, perfecto para principiantes.\t\t\t\t\t\t\t\t<\/div>\n\t\t\t\t<\/div>\n\t\t\t\t<div class=\"elementor-element elementor-element-2b8e961 elementor-widget elementor-widget-video\" data-id=\"2b8e961\" data-element_type=\"widget\" data-e-type=\"widget\" data-settings=\"{&quot;youtube_url&quot;:&quot;https:\\\/\\\/youtu.be\\\/ChWI2CO_3FU&quot;,&quot;video_type&quot;:&quot;youtube&quot;,&quot;controls&quot;:&quot;yes&quot;}\" data-widget_type=\"video.default\">\n\t\t\t\t<div class=\"elementor-widget-container\">\n\t\t\t\t\t\t\t<div class=\"elementor-wrapper elementor-open-inline\">\n\t\t\t<div class=\"elementor-video\"><\/div>\t\t<\/div>\n\t\t\t\t\t\t<\/div>\n\t\t\t\t<\/div>\n\t\t\t\t\t<\/div>\n\t\t\t\t<\/div>\n\t\t<div data-particle_enable=\"false\" data-particle-mobile-disabled=\"false\" class=\"elementor-element elementor-element-85d4c9c e-flex e-con-boxed e-con e-parent\" data-id=\"85d4c9c\" data-element_type=\"container\" data-e-type=\"container\">\n\t\t\t\t\t<div class=\"e-con-inner\">\n\t\t<div data-particle_enable=\"false\" data-particle-mobile-disabled=\"false\" class=\"elementor-element elementor-element-200f239 e-flex e-con-boxed e-con e-child\" data-id=\"200f239\" data-element_type=\"container\" data-e-type=\"container\" data-settings=\"{&quot;background_background&quot;:&quot;classic&quot;}\">\n\t\t\t\t\t<div class=\"e-con-inner\">\n\t\t\t\t\t<\/div>\n\t\t\t\t<\/div>\n\t\t<div data-particle_enable=\"false\" data-particle-mobile-disabled=\"false\" class=\"elementor-element elementor-element-89c6b1d e-flex e-con-boxed e-con e-child\" data-id=\"89c6b1d\" data-element_type=\"container\" data-e-type=\"container\" data-settings=\"{&quot;background_background&quot;:&quot;classic&quot;}\">\n\t\t\t\t\t<div class=\"e-con-inner\">\n\t\t\t\t\t<\/div>\n\t\t\t\t<\/div>\n\t\t<div data-particle_enable=\"false\" data-particle-mobile-disabled=\"false\" class=\"elementor-element elementor-element-10e580b e-flex e-con-boxed e-con e-child\" data-id=\"10e580b\" data-element_type=\"container\" data-e-type=\"container\" data-settings=\"{&quot;background_background&quot;:&quot;classic&quot;}\">\n\t\t\t\t\t<div class=\"e-con-inner\">\n\t\t\t\t\t<\/div>\n\t\t\t\t<\/div>\n\t\t\t\t\t<\/div>\n\t\t\t\t<\/div>\n\t\t\t\t<\/div>\n\t\t","protected":false},"excerpt":{"rendered":"<p>1. Este patinete de 3 ruedas y autoequilibrio est\u00e1 fabricado con materiales de alta calidad para garantizar su estabilidad y durabilidad, y los geniales LED luminosos de la potencia y las ruedas le confieren una gran visibilidad para mayor seguridad. Es un patinete suave y f\u00e1cil de inclinar, perfecto para principiantes.<\/p>\n<p>2. La cubierta baja facilita el equilibrio, mientras que las ruedas amortiguadoras s\u00faper suaves te proporcionan una navegaci\u00f3n f\u00e1cil. Nuestros patinetes utilizan frenos traseros de contacto total para una parada r\u00e1pida y f\u00e1cil sin mucha fuerza.<\/p>\n<p>3. El dise\u00f1o plegable permite llevar el patinete a cualquier parte. El r\u00e1pido proceso de plegado sin herramientas es sencillo para los ni\u00f1os.<\/p>\n<p>4. El manillar en T de aluminio resistente a los ara\u00f1azos viene con 3 etapas preestablecidas, y adem\u00e1s, el manillar tambi\u00e9n se puede ajustar a cualquier altura entre 25,5&#8243; y 32&#8243;. Encuentra f\u00e1cilmente tu posici\u00f3n de conducci\u00f3n perfecta.<\/p>\n","protected":false},"featured_media":1385,"comment_status":"open","ping_status":"closed","template":"","meta":[],"product_brand":[],"product_cat":[58],"product_tag":[61],"class_list":{"0":"post-1607","1":"product","2":"type-product","3":"status-publish","4":"has-post-thumbnail","6":"product_cat-scooter-infantil","7":"product_tag-3-ruedas","9":"first","10":"instock","11":"shipping-taxable","12":"product-type-simple"},"_links":{"self":[{"href":"https:\/\/www.cnjieyao.com\/es\/wp-json\/wp\/v2\/product\/1607","targetHints":{"allow":["GET"]}}],"collection":[{"href":"https:\/\/www.cnjieyao.com\/es\/wp-json\/wp\/v2\/product"}],"about":[{"href":"https:\/\/www.cnjieyao.com\/es\/wp-json\/wp\/v2\/types\/product"}],"replies":[{"embeddable":true,"href":"https:\/\/www.cnjieyao.com\/es\/wp-json\/wp\/v2\/comments?post=1607"}],"version-history":[{"count":2,"href":"https:\/\/www.cnjieyao.com\/es\/wp-json\/wp\/v2\/product\/1607\/revisions"}],"predecessor-version":[{"id":1908,"href":"https:\/\/www.cnjieyao.com\/es\/wp-json\/wp\/v2\/product\/1607\/revisions\/1908"}],"wp:featuredmedia":[{"embeddable":true,"href":"https:\/\/www.cnjieyao.com\/es\/wp-json\/wp\/v2\/media\/1385"}],"wp:attachment":[{"href":"https:\/\/www.cnjieyao.com\/es\/wp-json\/wp\/v2\/media?parent=1607"}],"wp:term":[{"taxonomy":"product_brand","embeddable":true,"href":"https:\/\/www.cnjieyao.com\/es\/wp-json\/wp\/v2\/product_brand?post=1607"},{"taxonomy":"product_cat","embeddable":true,"href":"https:\/\/www.cnjieyao.com\/es\/wp-json\/wp\/v2\/product_cat?post=1607"},{"taxonomy":"product_tag","embeddable":true,"href":"https:\/\/www.cnjieyao.com\/es\/wp-json\/wp\/v2\/product_tag?post=1607"}],"curies":[{"name":"wp","href":"https:\/\/api.w.org\/{rel}","templated":true}]}}