{"id":1609,"date":"2024-05-24T12:29:34","date_gmt":"2024-05-24T04:29:34","guid":{"rendered":"https:\/\/www.cnjieyao.com\/product\/jye-021\/"},"modified":"2024-07-08T16:26:36","modified_gmt":"2024-07-08T08:26:36","slug":"jye-021","status":"publish","type":"product","link":"https:\/\/www.cnjieyao.com\/es\/producto\/jye-021\/","title":{"rendered":"JYE-021"},"content":{"rendered":"\t\t<div data-elementor-type=\"product-post\" data-elementor-id=\"1609\" class=\"elementor elementor-1609 elementor-188\" data-elementor-post-type=\"product\">\n\t\t\t\t<div data-particle_enable=\"false\" data-particle-mobile-disabled=\"false\" class=\"elementor-element elementor-element-7c4b2438 e-flex e-con-boxed e-con e-parent\" data-id=\"7c4b2438\" data-element_type=\"container\" data-e-type=\"container\">\n\t\t\t\t\t<div class=\"e-con-inner\">\n\t\t\t\t<div class=\"elementor-element elementor-element-1ac15720 elementor-widget elementor-widget-text-editor\" data-id=\"1ac15720\" data-element_type=\"widget\" data-e-type=\"widget\" data-widget_type=\"text-editor.default\">\n\t\t\t\t<div class=\"elementor-widget-container\">\n\t\t\t\t\t\t\t\t\t<table id=\"customers\" class=\"db\" border=\"0\" data-v-29b286fe=\"\">\n<tbody data-v-29b286fe=\"\">\n<tr data-v-29b286fe=\"\">\n<td data-v-29b286fe=\"\">Material del marco<\/td>\n<td data-v-29b286fe=\"\">Aleaci\u00f3n de aluminio<\/td>\n<\/tr>\n<tr data-v-29b286fe=\"\">\n<td data-v-29b286fe=\"\">Tensi\u00f3n de la bater\u00eda<\/td>\n<td data-v-29b286fe=\"\">21.6V<\/td>\n<\/tr>\n<tr data-v-29b286fe=\"\">\n<td data-v-29b286fe=\"\">Capacidad de la bater\u00eda (c\u00e9lula)<\/td>\n<td data-v-29b286fe=\"\">2,6 Ah<\/td>\n<\/tr>\n<tr data-v-29b286fe=\"\">\n<td data-v-29b286fe=\"\">Velocidad m\u00e1xima<\/td>\n<td data-v-29b286fe=\"\">15 km\/h<\/td>\n<\/tr>\n<tr data-v-29b286fe=\"\">\n<td data-v-29b286fe=\"\">Gama<\/td>\n<td data-v-29b286fe=\"\">5 km<\/td>\n<\/tr>\n<tr data-v-29b286fe=\"\">\n<td data-v-29b286fe=\"\">Ascenso m\u00e1ximo<\/td>\n<td data-v-29b286fe=\"\">10<\/td>\n<\/tr>\n<tr data-v-29b286fe=\"\">\n<td data-v-29b286fe=\"\">Tama\u00f1o del neum\u00e1tico<\/td>\n<td data-v-29b286fe=\"\">Frontal-6 pulgadas, real-5,5 pulgadas<\/td>\n<\/tr>\n<tr data-v-29b286fe=\"\">\n<td data-v-29b286fe=\"\">Capacidad de peso m\u00e1ximo<\/td>\n<td data-v-29b286fe=\"\">145 libras<\/td>\n<\/tr>\n<tr data-v-29b286fe=\"\">\n<td data-v-29b286fe=\"\">Peso neto\/Peso bruto<\/td>\n<td data-v-29b286fe=\"\">6,2\/7,6 kg<\/td>\n<\/tr>\n<tr data-v-29b286fe=\"\">\n<td data-v-29b286fe=\"\">Tama\u00f1o del producto (desplegado)<\/td>\n<td data-v-29b286fe=\"\">82*41,3*85,5CM<\/td>\n<\/tr>\n<tr data-v-29b286fe=\"\">\n<td data-v-29b286fe=\"\">Tama\u00f1o del producto ( plegado)<\/td>\n<td data-v-29b286fe=\"\">76,5*41,3*27,5CM<\/td>\n<\/tr>\n<\/tbody>\n<\/table>\t\t\t\t\t\t\t\t<\/div>\n\t\t\t\t<\/div>\n\t\t\t\t\t<\/div>\n\t\t\t\t<\/div>\n\t\t<div data-particle_enable=\"false\" data-particle-mobile-disabled=\"false\" class=\"elementor-element elementor-element-fb5ebf4 e-flex e-con-boxed e-con e-parent\" data-id=\"fb5ebf4\" data-element_type=\"container\" data-e-type=\"container\">\n\t\t\t\t\t<div class=\"e-con-inner\">\n\t\t\t\t<div class=\"elementor-element elementor-element-6e8655c elementor-widget elementor-widget-heading\" data-id=\"6e8655c\" data-element_type=\"widget\" data-e-type=\"widget\" data-widget_type=\"heading.default\">\n\t\t\t\t<div class=\"elementor-widget-container\">\n\t\t\t\t\t<h2 class=\"elementor-heading-title elementor-size-default\">Descripciones<\/h2>\t\t\t\t<\/div>\n\t\t\t\t<\/div>\n\t\t<div data-particle_enable=\"false\" data-particle-mobile-disabled=\"false\" class=\"elementor-element elementor-element-8e129c0 e-con-full e-flex e-con e-child\" data-id=\"8e129c0\" data-element_type=\"container\" data-e-type=\"container\">\n\t\t\t\t<div class=\"elementor-element elementor-element-efa3db4 elementor-icon-list--layout-inline elementor-align-center elementor-list-item-link-full_width elementor-widget elementor-widget-icon-list\" data-id=\"efa3db4\" data-element_type=\"widget\" data-e-type=\"widget\" data-widget_type=\"icon-list.default\">\n\t\t\t\t<div class=\"elementor-widget-container\">\n\t\t\t\t\t\t\t<ul class=\"elementor-icon-list-items elementor-inline-items\">\n\t\t\t\t\t\t\t<li class=\"elementor-icon-list-item elementor-inline-item\">\n\t\t\t\t\t\t\t\t\t\t<span class=\"elementor-icon-list-text\">  Patinete para ni\u00f1os  <\/span>\n\t\t\t\t\t\t\t\t\t<\/li>\n\t\t\t\t\t\t\t\t<li class=\"elementor-icon-list-item elementor-inline-item\">\n\t\t\t\t\t\t\t\t\t\t<span class=\"elementor-icon-list-text\">  Manillar regulable en altura  <\/span>\n\t\t\t\t\t\t\t\t\t<\/li>\n\t\t\t\t\t\t\t\t<li class=\"elementor-icon-list-item elementor-inline-item\">\n\t\t\t\t\t\t\t\t\t\t<span class=\"elementor-icon-list-text\">  Scooter 2 Ruedas  <\/span>\n\t\t\t\t\t\t\t\t\t<\/li>\n\t\t\t\t\t\t<\/ul>\n\t\t\t\t\t\t<\/div>\n\t\t\t\t<\/div>\n\t\t\t\t<\/div>\n\t\t\t\t<div class=\"elementor-element elementor-element-1304652 elementor-widget-divider--view-line elementor-widget elementor-widget-divider\" data-id=\"1304652\" data-element_type=\"widget\" data-e-type=\"widget\" data-widget_type=\"divider.default\">\n\t\t\t\t<div class=\"elementor-widget-container\">\n\t\t\t\t\t\t\t<div class=\"elementor-divider\">\n\t\t\t<span class=\"elementor-divider-separator\">\n\t\t\t\t\t\t<\/span>\n\t\t<\/div>\n\t\t\t\t\t\t<\/div>\n\t\t\t\t<\/div>\n\t\t<div data-particle_enable=\"false\" data-particle-mobile-disabled=\"false\" class=\"elementor-element elementor-element-2cbf75a e-flex e-con-boxed e-con e-child\" data-id=\"2cbf75a\" data-element_type=\"container\" data-e-type=\"container\">\n\t\t\t\t\t<div class=\"e-con-inner\">\n\t\t<div data-particle_enable=\"false\" data-particle-mobile-disabled=\"false\" class=\"elementor-element elementor-element-a7696ea e-flex e-con-boxed e-con e-child\" data-id=\"a7696ea\" data-element_type=\"container\" data-e-type=\"container\" data-settings=\"{&quot;background_background&quot;:&quot;classic&quot;}\">\n\t\t\t\t\t<div class=\"e-con-inner\">\n\t\t\t\t\t<\/div>\n\t\t\t\t<\/div>\n\t\t<div data-particle_enable=\"false\" data-particle-mobile-disabled=\"false\" class=\"elementor-element elementor-element-be67264 e-flex e-con-boxed e-con e-child\" data-id=\"be67264\" data-element_type=\"container\" data-e-type=\"container\" data-settings=\"{&quot;background_background&quot;:&quot;classic&quot;}\">\n\t\t\t\t\t<div class=\"e-con-inner\">\n\t\t\t\t\t<\/div>\n\t\t\t\t<\/div>\n\t\t<div data-particle_enable=\"false\" data-particle-mobile-disabled=\"false\" class=\"elementor-element elementor-element-e40c8c8 e-flex e-con-boxed e-con e-child\" data-id=\"e40c8c8\" data-element_type=\"container\" data-e-type=\"container\" data-settings=\"{&quot;background_background&quot;:&quot;classic&quot;}\">\n\t\t\t\t\t<div class=\"e-con-inner\">\n\t\t\t\t\t<\/div>\n\t\t\t\t<\/div>\n\t\t\t\t\t<\/div>\n\t\t\t\t<\/div>\n\t\t\t\t\t<\/div>\n\t\t\t\t<\/div>\n\t\t\t\t<\/div>\n\t\t","protected":false},"excerpt":{"rendered":"<p>Material del marco Aleaci\u00f3n de aluminio Tensi\u00f3n de la bater\u00eda 21.6V Capacidad de la bater\u00eda (c\u00e9lula) 2,6 Ah Velocidad m\u00e1xima 15 km\/h Gama 5 km Ascenso m\u00e1ximo 10 Tama\u00f1o del neum\u00e1tico Frontal-6 pulgadas, real-5,5 pulgadas Capacidad de peso m\u00e1ximo 145 libras Peso neto\/Peso bruto 6,2\/7,6 kg Tama\u00f1o del producto (desplegado) 82*41,3*85,5CM Tama\u00f1o del producto ( [&hellip;]<\/p>\n","protected":false},"featured_media":1397,"comment_status":"open","ping_status":"closed","template":"","meta":[],"product_brand":[],"product_cat":[62],"product_tag":[59],"class_list":{"0":"post-1609","1":"product","2":"type-product","3":"status-publish","4":"has-post-thumbnail","6":"product_cat-scooter-electrico","7":"product_tag-2-ruedas","9":"first","10":"instock","11":"shipping-taxable","12":"product-type-simple"},"_links":{"self":[{"href":"https:\/\/www.cnjieyao.com\/es\/wp-json\/wp\/v2\/product\/1609","targetHints":{"allow":["GET"]}}],"collection":[{"href":"https:\/\/www.cnjieyao.com\/es\/wp-json\/wp\/v2\/product"}],"about":[{"href":"https:\/\/www.cnjieyao.com\/es\/wp-json\/wp\/v2\/types\/product"}],"replies":[{"embeddable":true,"href":"https:\/\/www.cnjieyao.com\/es\/wp-json\/wp\/v2\/comments?post=1609"}],"version-history":[{"count":4,"href":"https:\/\/www.cnjieyao.com\/es\/wp-json\/wp\/v2\/product\/1609\/revisions"}],"predecessor-version":[{"id":1945,"href":"https:\/\/www.cnjieyao.com\/es\/wp-json\/wp\/v2\/product\/1609\/revisions\/1945"}],"wp:featuredmedia":[{"embeddable":true,"href":"https:\/\/www.cnjieyao.com\/es\/wp-json\/wp\/v2\/media\/1397"}],"wp:attachment":[{"href":"https:\/\/www.cnjieyao.com\/es\/wp-json\/wp\/v2\/media?parent=1609"}],"wp:term":[{"taxonomy":"product_brand","embeddable":true,"href":"https:\/\/www.cnjieyao.com\/es\/wp-json\/wp\/v2\/product_brand?post=1609"},{"taxonomy":"product_cat","embeddable":true,"href":"https:\/\/www.cnjieyao.com\/es\/wp-json\/wp\/v2\/product_cat?post=1609"},{"taxonomy":"product_tag","embeddable":true,"href":"https:\/\/www.cnjieyao.com\/es\/wp-json\/wp\/v2\/product_tag?post=1609"}],"curies":[{"name":"wp","href":"https:\/\/api.w.org\/{rel}","templated":true}]}}