{"id":1628,"date":"2024-05-24T12:42:02","date_gmt":"2024-05-24T04:42:02","guid":{"rendered":"https:\/\/www.cnjieyao.com\/product\/jyk-039\/"},"modified":"2024-06-28T21:20:27","modified_gmt":"2024-06-28T13:20:27","slug":"jyk-039","status":"publish","type":"product","link":"https:\/\/www.cnjieyao.com\/es\/producto\/jyk-039\/","title":{"rendered":"JYK-039"},"content":{"rendered":"\t\t<div data-elementor-type=\"product-post\" data-elementor-id=\"1628\" class=\"elementor elementor-1628 elementor-204\" data-elementor-post-type=\"product\">\n\t\t\t\t<div data-particle_enable=\"false\" data-particle-mobile-disabled=\"false\" class=\"elementor-element elementor-element-270262d8 e-flex e-con-boxed e-con e-parent\" data-id=\"270262d8\" data-element_type=\"container\" data-e-type=\"container\">\n\t\t\t\t\t<div class=\"e-con-inner\">\n\t\t\t\t<div class=\"elementor-element elementor-element-6c1329bd elementor-widget elementor-widget-text-editor\" data-id=\"6c1329bd\" data-element_type=\"widget\" data-e-type=\"widget\" data-widget_type=\"text-editor.default\">\n\t\t\t\t<div class=\"elementor-widget-container\">\n\t\t\t\t\t\t\t\t\t<table id=\"customers\" class=\"db\" border=\"0\" data-v-29b286fe=\"\">\n<tbody data-v-29b286fe=\"\">\n<tr data-v-29b286fe=\"\">\n<td data-v-29b286fe=\"\">Funci\u00f3n luz<\/td>\n<td data-v-29b286fe=\"\">20 modos cambiables<\/td>\n<\/tr>\n<tr data-v-29b286fe=\"\">\n<td data-v-29b286fe=\"\">N\u00famero de ruedas<\/td>\n<td data-v-29b286fe=\"\">3<\/td>\n<\/tr>\n<tr data-v-29b286fe=\"\">\n<td data-v-29b286fe=\"\">Reportaje especial<\/td>\n<td data-v-29b286fe=\"\">Port\u00e1til, Ligero, Plegable<\/td>\n<\/tr>\n<tr data-v-29b286fe=\"\">\n<td data-v-29b286fe=\"\">L\u00edmite de peso<\/td>\n<td data-v-29b286fe=\"\">50 kg<\/td>\n<\/tr>\n<tr data-v-29b286fe=\"\">\n<td data-v-29b286fe=\"\">Peso del art\u00edculo<\/td>\n<td data-v-29b286fe=\"\">4,2 kg<\/td>\n<\/tr>\n<tr data-v-29b286fe=\"\">\n<td data-v-29b286fe=\"\">Dimensiones del art\u00edculo LxAxH<\/td>\n<td data-v-29b286fe=\"\">22 x 10,4 x 24 pulgadas<\/td>\n<\/tr>\n<\/tbody>\n<\/table>\t\t\t\t\t\t\t\t<\/div>\n\t\t\t\t<\/div>\n\t\t\t\t\t<\/div>\n\t\t\t\t<\/div>\n\t\t<div data-particle_enable=\"false\" data-particle-mobile-disabled=\"false\" class=\"elementor-element elementor-element-86fa981 e-flex e-con-boxed e-con e-parent\" data-id=\"86fa981\" data-element_type=\"container\" data-e-type=\"container\">\n\t\t\t\t\t<div class=\"e-con-inner\">\n\t\t\t\t<div class=\"elementor-element elementor-element-db646d7 elementor-widget elementor-widget-heading\" data-id=\"db646d7\" data-element_type=\"widget\" data-e-type=\"widget\" data-widget_type=\"heading.default\">\n\t\t\t\t<div class=\"elementor-widget-container\">\n\t\t\t\t\t<h2 class=\"elementor-heading-title elementor-size-default\">Descripciones<\/h2>\t\t\t\t<\/div>\n\t\t\t\t<\/div>\n\t\t<div data-particle_enable=\"false\" data-particle-mobile-disabled=\"false\" class=\"elementor-element elementor-element-a68e110 e-con-full e-flex e-con e-child\" data-id=\"a68e110\" data-element_type=\"container\" data-e-type=\"container\">\n\t\t\t\t<div class=\"elementor-element elementor-element-e9afca7 elementor-icon-list--layout-inline elementor-align-center elementor-list-item-link-full_width elementor-widget elementor-widget-icon-list\" data-id=\"e9afca7\" data-element_type=\"widget\" data-e-type=\"widget\" data-widget_type=\"icon-list.default\">\n\t\t\t\t<div class=\"elementor-widget-container\">\n\t\t\t\t\t\t\t<ul class=\"elementor-icon-list-items elementor-inline-items\">\n\t\t\t\t\t\t\t<li class=\"elementor-icon-list-item elementor-inline-item\">\n\t\t\t\t\t\t\t\t\t\t<span class=\"elementor-icon-list-text\">  JYK-039 Patinete luminoso  <\/span>\n\t\t\t\t\t\t\t\t\t<\/li>\n\t\t\t\t\t\t<\/ul>\n\t\t\t\t\t\t<\/div>\n\t\t\t\t<\/div>\n\t\t\t\t<\/div>\n\t\t\t\t<div class=\"elementor-element elementor-element-2c21cc6 elementor-widget-divider--view-line elementor-widget elementor-widget-divider\" data-id=\"2c21cc6\" data-element_type=\"widget\" data-e-type=\"widget\" data-widget_type=\"divider.default\">\n\t\t\t\t<div class=\"elementor-widget-container\">\n\t\t\t\t\t\t\t<div class=\"elementor-divider\">\n\t\t\t<span class=\"elementor-divider-separator\">\n\t\t\t\t\t\t<\/span>\n\t\t<\/div>\n\t\t\t\t\t\t<\/div>\n\t\t\t\t<\/div>\n\t\t<div data-particle_enable=\"false\" data-particle-mobile-disabled=\"false\" class=\"elementor-element elementor-element-652ecd7 e-con-full e-flex e-con e-child\" data-id=\"652ecd7\" data-element_type=\"container\" data-e-type=\"container\">\n\t\t\t\t<div class=\"elementor-element elementor-element-0aabc08 elementor-widget__width-initial elementor-widget elementor-widget-image\" data-id=\"0aabc08\" data-element_type=\"widget\" data-e-type=\"widget\" data-widget_type=\"image.default\">\n\t\t\t\t<div class=\"elementor-widget-container\">\n\t\t\t\t\t\t\t\t\t\t\t\t\t\t\t<img fetchpriority=\"high\" decoding=\"async\" width=\"800\" height=\"559\" src=\"data:image\/gif;base64,R0lGODlhAQABAIAAAAAAAP\/\/\/yH5BAEAAAAALAAAAAABAAEAAAIBRAA7\" data-src=\"https:\/\/www.cnjieyao.com\/wp-content\/uploads\/2024\/05\/2023-08-03.11-04-02.3fb03f7e2afc39618d0c83d94a8bfb1d-1024x716.jpg\" class=\"attachment-large size-large wp-image-1250 lazyload\" alt=\"\" data-srcset=\"https:\/\/www.cnjieyao.com\/wp-content\/uploads\/2024\/05\/2023-08-03.11-04-02.3fb03f7e2afc39618d0c83d94a8bfb1d-1024x716.jpg 1024w, https:\/\/www.cnjieyao.com\/wp-content\/uploads\/2024\/05\/2023-08-03.11-04-02.3fb03f7e2afc39618d0c83d94a8bfb1d-300x210.jpg 300w, https:\/\/www.cnjieyao.com\/wp-content\/uploads\/2024\/05\/2023-08-03.11-04-02.3fb03f7e2afc39618d0c83d94a8bfb1d-768x537.jpg 768w, https:\/\/www.cnjieyao.com\/wp-content\/uploads\/2024\/05\/2023-08-03.11-04-02.3fb03f7e2afc39618d0c83d94a8bfb1d-600x419.jpg 600w, https:\/\/www.cnjieyao.com\/wp-content\/uploads\/2024\/05\/2023-08-03.11-04-02.3fb03f7e2afc39618d0c83d94a8bfb1d.jpg 1276w\" sizes=\"(max-width: 800px) 100vw, 800px\" title=\"\"><noscript><img decoding=\"async\" width=\"800\" height=\"559\" src=\"https:\/\/www.cnjieyao.com\/wp-content\/uploads\/2024\/05\/2023-08-03.11-04-02.3fb03f7e2afc39618d0c83d94a8bfb1d-1024x716.jpg\" class=\"attachment-large size-large wp-image-1250 lazyload\" alt=\"\" srcset=\"https:\/\/www.cnjieyao.com\/wp-content\/uploads\/2024\/05\/2023-08-03.11-04-02.3fb03f7e2afc39618d0c83d94a8bfb1d-1024x716.jpg 1024w, https:\/\/www.cnjieyao.com\/wp-content\/uploads\/2024\/05\/2023-08-03.11-04-02.3fb03f7e2afc39618d0c83d94a8bfb1d-300x210.jpg 300w, https:\/\/www.cnjieyao.com\/wp-content\/uploads\/2024\/05\/2023-08-03.11-04-02.3fb03f7e2afc39618d0c83d94a8bfb1d-768x537.jpg 768w, https:\/\/www.cnjieyao.com\/wp-content\/uploads\/2024\/05\/2023-08-03.11-04-02.3fb03f7e2afc39618d0c83d94a8bfb1d-600x419.jpg 600w, https:\/\/www.cnjieyao.com\/wp-content\/uploads\/2024\/05\/2023-08-03.11-04-02.3fb03f7e2afc39618d0c83d94a8bfb1d.jpg 1276w\" sizes=\"(max-width: 800px) 100vw, 800px\" title=\"\"><\/noscript>\t\t\t\t\t\t\t\t\t\t\t\t\t\t\t<\/div>\n\t\t\t\t<\/div>\n\t\t<div data-particle_enable=\"false\" data-particle-mobile-disabled=\"false\" class=\"elementor-element elementor-element-0d5b2b5 e-con-full e-flex e-con e-child\" data-id=\"0d5b2b5\" data-element_type=\"container\" data-e-type=\"container\">\n\t\t\t\t<div class=\"elementor-element elementor-element-10a461a elementor-widget elementor-widget-image\" data-id=\"10a461a\" data-element_type=\"widget\" data-e-type=\"widget\" data-widget_type=\"image.default\">\n\t\t\t\t<div class=\"elementor-widget-container\">\n\t\t\t\t\t\t\t\t\t\t\t\t\t\t\t<img decoding=\"async\" width=\"800\" height=\"450\" src=\"data:image\/gif;base64,R0lGODlhAQABAIAAAAAAAP\/\/\/yH5BAEAAAAALAAAAAABAAEAAAIBRAA7\" data-src=\"https:\/\/www.cnjieyao.com\/wp-content\/uploads\/2024\/05\/2023-08-03.10-55-44.1f53dc6770051ca343b39d679a6e75f1_WH_1920x1080px-1024x576.webp\" class=\"attachment-large size-large wp-image-1253 lazyload\" alt=\"\" data-srcset=\"https:\/\/www.cnjieyao.com\/wp-content\/uploads\/2024\/05\/2023-08-03.10-55-44.1f53dc6770051ca343b39d679a6e75f1_WH_1920x1080px-1024x576.webp 1024w, https:\/\/www.cnjieyao.com\/wp-content\/uploads\/2024\/05\/2023-08-03.10-55-44.1f53dc6770051ca343b39d679a6e75f1_WH_1920x1080px-300x169.webp 300w, https:\/\/www.cnjieyao.com\/wp-content\/uploads\/2024\/05\/2023-08-03.10-55-44.1f53dc6770051ca343b39d679a6e75f1_WH_1920x1080px-768x432.webp 768w, https:\/\/www.cnjieyao.com\/wp-content\/uploads\/2024\/05\/2023-08-03.10-55-44.1f53dc6770051ca343b39d679a6e75f1_WH_1920x1080px-1536x864.webp 1536w, https:\/\/www.cnjieyao.com\/wp-content\/uploads\/2024\/05\/2023-08-03.10-55-44.1f53dc6770051ca343b39d679a6e75f1_WH_1920x1080px-600x338.webp 600w, https:\/\/www.cnjieyao.com\/wp-content\/uploads\/2024\/05\/2023-08-03.10-55-44.1f53dc6770051ca343b39d679a6e75f1_WH_1920x1080px.webp 1920w\" sizes=\"(max-width: 800px) 100vw, 800px\" title=\"\"><noscript><img loading=\"lazy\" decoding=\"async\" width=\"800\" height=\"450\" src=\"https:\/\/www.cnjieyao.com\/wp-content\/uploads\/2024\/05\/2023-08-03.10-55-44.1f53dc6770051ca343b39d679a6e75f1_WH_1920x1080px-1024x576.webp\" class=\"attachment-large size-large wp-image-1253 lazyload\" alt=\"\" srcset=\"https:\/\/www.cnjieyao.com\/wp-content\/uploads\/2024\/05\/2023-08-03.10-55-44.1f53dc6770051ca343b39d679a6e75f1_WH_1920x1080px-1024x576.webp 1024w, https:\/\/www.cnjieyao.com\/wp-content\/uploads\/2024\/05\/2023-08-03.10-55-44.1f53dc6770051ca343b39d679a6e75f1_WH_1920x1080px-300x169.webp 300w, https:\/\/www.cnjieyao.com\/wp-content\/uploads\/2024\/05\/2023-08-03.10-55-44.1f53dc6770051ca343b39d679a6e75f1_WH_1920x1080px-768x432.webp 768w, https:\/\/www.cnjieyao.com\/wp-content\/uploads\/2024\/05\/2023-08-03.10-55-44.1f53dc6770051ca343b39d679a6e75f1_WH_1920x1080px-1536x864.webp 1536w, https:\/\/www.cnjieyao.com\/wp-content\/uploads\/2024\/05\/2023-08-03.10-55-44.1f53dc6770051ca343b39d679a6e75f1_WH_1920x1080px-600x338.webp 600w, https:\/\/www.cnjieyao.com\/wp-content\/uploads\/2024\/05\/2023-08-03.10-55-44.1f53dc6770051ca343b39d679a6e75f1_WH_1920x1080px.webp 1920w\" sizes=\"(max-width: 800px) 100vw, 800px\" title=\"\"><\/noscript>\t\t\t\t\t\t\t\t\t\t\t\t\t\t\t<\/div>\n\t\t\t\t<\/div>\n\t\t\t\t<div class=\"elementor-element elementor-element-86ac6db elementor-widget elementor-widget-image\" data-id=\"86ac6db\" data-element_type=\"widget\" data-e-type=\"widget\" data-widget_type=\"image.default\">\n\t\t\t\t<div class=\"elementor-widget-container\">\n\t\t\t\t\t\t\t\t\t\t\t\t\t\t\t<img loading=\"lazy\" decoding=\"async\" width=\"800\" height=\"450\" src=\"data:image\/gif;base64,R0lGODlhAQABAIAAAAAAAP\/\/\/yH5BAEAAAAALAAAAAABAAEAAAIBRAA7\" data-src=\"https:\/\/www.cnjieyao.com\/wp-content\/uploads\/2024\/05\/2023-08-03.10-56-30.00f69bca06e2c00576e0941d7a3a361f_WH_1920x1080px-1024x576.webp\" class=\"attachment-large size-large wp-image-1256 lazyload\" alt=\"\" data-srcset=\"https:\/\/www.cnjieyao.com\/wp-content\/uploads\/2024\/05\/2023-08-03.10-56-30.00f69bca06e2c00576e0941d7a3a361f_WH_1920x1080px-1024x576.webp 1024w, https:\/\/www.cnjieyao.com\/wp-content\/uploads\/2024\/05\/2023-08-03.10-56-30.00f69bca06e2c00576e0941d7a3a361f_WH_1920x1080px-300x169.webp 300w, https:\/\/www.cnjieyao.com\/wp-content\/uploads\/2024\/05\/2023-08-03.10-56-30.00f69bca06e2c00576e0941d7a3a361f_WH_1920x1080px-768x432.webp 768w, https:\/\/www.cnjieyao.com\/wp-content\/uploads\/2024\/05\/2023-08-03.10-56-30.00f69bca06e2c00576e0941d7a3a361f_WH_1920x1080px-1536x864.webp 1536w, https:\/\/www.cnjieyao.com\/wp-content\/uploads\/2024\/05\/2023-08-03.10-56-30.00f69bca06e2c00576e0941d7a3a361f_WH_1920x1080px-600x338.webp 600w, https:\/\/www.cnjieyao.com\/wp-content\/uploads\/2024\/05\/2023-08-03.10-56-30.00f69bca06e2c00576e0941d7a3a361f_WH_1920x1080px.webp 1920w\" sizes=\"(max-width: 800px) 100vw, 800px\" title=\"\"><noscript><img loading=\"lazy\" decoding=\"async\" width=\"800\" height=\"450\" src=\"https:\/\/www.cnjieyao.com\/wp-content\/uploads\/2024\/05\/2023-08-03.10-56-30.00f69bca06e2c00576e0941d7a3a361f_WH_1920x1080px-1024x576.webp\" class=\"attachment-large size-large wp-image-1256 lazyload\" alt=\"\" srcset=\"https:\/\/www.cnjieyao.com\/wp-content\/uploads\/2024\/05\/2023-08-03.10-56-30.00f69bca06e2c00576e0941d7a3a361f_WH_1920x1080px-1024x576.webp 1024w, https:\/\/www.cnjieyao.com\/wp-content\/uploads\/2024\/05\/2023-08-03.10-56-30.00f69bca06e2c00576e0941d7a3a361f_WH_1920x1080px-300x169.webp 300w, https:\/\/www.cnjieyao.com\/wp-content\/uploads\/2024\/05\/2023-08-03.10-56-30.00f69bca06e2c00576e0941d7a3a361f_WH_1920x1080px-768x432.webp 768w, https:\/\/www.cnjieyao.com\/wp-content\/uploads\/2024\/05\/2023-08-03.10-56-30.00f69bca06e2c00576e0941d7a3a361f_WH_1920x1080px-1536x864.webp 1536w, https:\/\/www.cnjieyao.com\/wp-content\/uploads\/2024\/05\/2023-08-03.10-56-30.00f69bca06e2c00576e0941d7a3a361f_WH_1920x1080px-600x338.webp 600w, https:\/\/www.cnjieyao.com\/wp-content\/uploads\/2024\/05\/2023-08-03.10-56-30.00f69bca06e2c00576e0941d7a3a361f_WH_1920x1080px.webp 1920w\" sizes=\"(max-width: 800px) 100vw, 800px\" title=\"\"><\/noscript>\t\t\t\t\t\t\t\t\t\t\t\t\t\t\t<\/div>\n\t\t\t\t<\/div>\n\t\t\t\t<div class=\"elementor-element elementor-element-e944a1f elementor-widget elementor-widget-image\" data-id=\"e944a1f\" data-element_type=\"widget\" data-e-type=\"widget\" data-widget_type=\"image.default\">\n\t\t\t\t<div class=\"elementor-widget-container\">\n\t\t\t\t\t\t\t\t\t\t\t\t\t\t\t<img loading=\"lazy\" decoding=\"async\" width=\"800\" height=\"450\" src=\"data:image\/gif;base64,R0lGODlhAQABAIAAAAAAAP\/\/\/yH5BAEAAAAALAAAAAABAAEAAAIBRAA7\" data-src=\"https:\/\/www.cnjieyao.com\/wp-content\/uploads\/2024\/05\/2023-08-03.11-09-31.6e3e8b96a6d3ac79a4e89c564a4901fb_WH_1920x1080px-1024x576.webp\" class=\"attachment-large size-large wp-image-1259 lazyload\" alt=\"\" data-srcset=\"https:\/\/www.cnjieyao.com\/wp-content\/uploads\/2024\/05\/2023-08-03.11-09-31.6e3e8b96a6d3ac79a4e89c564a4901fb_WH_1920x1080px-1024x576.webp 1024w, https:\/\/www.cnjieyao.com\/wp-content\/uploads\/2024\/05\/2023-08-03.11-09-31.6e3e8b96a6d3ac79a4e89c564a4901fb_WH_1920x1080px-300x169.webp 300w, https:\/\/www.cnjieyao.com\/wp-content\/uploads\/2024\/05\/2023-08-03.11-09-31.6e3e8b96a6d3ac79a4e89c564a4901fb_WH_1920x1080px-768x432.webp 768w, https:\/\/www.cnjieyao.com\/wp-content\/uploads\/2024\/05\/2023-08-03.11-09-31.6e3e8b96a6d3ac79a4e89c564a4901fb_WH_1920x1080px-1536x864.webp 1536w, https:\/\/www.cnjieyao.com\/wp-content\/uploads\/2024\/05\/2023-08-03.11-09-31.6e3e8b96a6d3ac79a4e89c564a4901fb_WH_1920x1080px-600x338.webp 600w, https:\/\/www.cnjieyao.com\/wp-content\/uploads\/2024\/05\/2023-08-03.11-09-31.6e3e8b96a6d3ac79a4e89c564a4901fb_WH_1920x1080px.webp 1920w\" sizes=\"(max-width: 800px) 100vw, 800px\" title=\"\"><noscript><img loading=\"lazy\" decoding=\"async\" width=\"800\" height=\"450\" src=\"https:\/\/www.cnjieyao.com\/wp-content\/uploads\/2024\/05\/2023-08-03.11-09-31.6e3e8b96a6d3ac79a4e89c564a4901fb_WH_1920x1080px-1024x576.webp\" class=\"attachment-large size-large wp-image-1259 lazyload\" alt=\"\" srcset=\"https:\/\/www.cnjieyao.com\/wp-content\/uploads\/2024\/05\/2023-08-03.11-09-31.6e3e8b96a6d3ac79a4e89c564a4901fb_WH_1920x1080px-1024x576.webp 1024w, https:\/\/www.cnjieyao.com\/wp-content\/uploads\/2024\/05\/2023-08-03.11-09-31.6e3e8b96a6d3ac79a4e89c564a4901fb_WH_1920x1080px-300x169.webp 300w, https:\/\/www.cnjieyao.com\/wp-content\/uploads\/2024\/05\/2023-08-03.11-09-31.6e3e8b96a6d3ac79a4e89c564a4901fb_WH_1920x1080px-768x432.webp 768w, https:\/\/www.cnjieyao.com\/wp-content\/uploads\/2024\/05\/2023-08-03.11-09-31.6e3e8b96a6d3ac79a4e89c564a4901fb_WH_1920x1080px-1536x864.webp 1536w, https:\/\/www.cnjieyao.com\/wp-content\/uploads\/2024\/05\/2023-08-03.11-09-31.6e3e8b96a6d3ac79a4e89c564a4901fb_WH_1920x1080px-600x338.webp 600w, https:\/\/www.cnjieyao.com\/wp-content\/uploads\/2024\/05\/2023-08-03.11-09-31.6e3e8b96a6d3ac79a4e89c564a4901fb_WH_1920x1080px.webp 1920w\" sizes=\"(max-width: 800px) 100vw, 800px\" title=\"\"><\/noscript>\t\t\t\t\t\t\t\t\t\t\t\t\t\t\t<\/div>\n\t\t\t\t<\/div>\n\t\t\t\t<\/div>\n\t\t\t\t<\/div>\n\t\t\t\t\t<\/div>\n\t\t\t\t<\/div>\n\t\t\t\t<\/div>\n\t\t","protected":false},"excerpt":{"rendered":"<p>1. El dise\u00f1o de tres ruedas aporta mayor estabilidad y, con las luces arco iris en la potencia y las ruedas, pueden tener 20 modos de luz cambiantes, lo que les da una gran visibilidad para mayor seguridad. Es un patinete suave y f\u00e1cil de inclinar, perfecto para principiantes.<\/p>\n<p>2. La cubierta baja facilita el equilibrio, mientras que las ruedas amortiguadoras s\u00faper suaves te proporcionan una navegaci\u00f3n f\u00e1cil. Nuestros patinetes utilizan frenos traseros de contacto total para una parada r\u00e1pida y f\u00e1cil sin mucha fuerza.<\/p>\n<p>3. El dise\u00f1o plegable permite llevar el patinete a cualquier parte. El r\u00e1pido proceso de plegado sin herramientas es sencillo para los ni\u00f1os. \u00a1Estos patinetes son estupendos regalos y juguetes para ni\u00f1os y ni\u00f1as a partir de 3 a\u00f1os!<\/p>\n","protected":false},"featured_media":1421,"comment_status":"open","ping_status":"closed","template":"","meta":[],"product_brand":[],"product_cat":[58],"product_tag":[61],"class_list":{"0":"post-1628","1":"product","2":"type-product","3":"status-publish","4":"has-post-thumbnail","6":"product_cat-scooter-infantil","7":"product_tag-3-ruedas","9":"first","10":"instock","11":"shipping-taxable","12":"product-type-simple"},"_links":{"self":[{"href":"https:\/\/www.cnjieyao.com\/es\/wp-json\/wp\/v2\/product\/1628","targetHints":{"allow":["GET"]}}],"collection":[{"href":"https:\/\/www.cnjieyao.com\/es\/wp-json\/wp\/v2\/product"}],"about":[{"href":"https:\/\/www.cnjieyao.com\/es\/wp-json\/wp\/v2\/types\/product"}],"replies":[{"embeddable":true,"href":"https:\/\/www.cnjieyao.com\/es\/wp-json\/wp\/v2\/comments?post=1628"}],"version-history":[{"count":4,"href":"https:\/\/www.cnjieyao.com\/es\/wp-json\/wp\/v2\/product\/1628\/revisions"}],"predecessor-version":[{"id":1897,"href":"https:\/\/www.cnjieyao.com\/es\/wp-json\/wp\/v2\/product\/1628\/revisions\/1897"}],"wp:featuredmedia":[{"embeddable":true,"href":"https:\/\/www.cnjieyao.com\/es\/wp-json\/wp\/v2\/media\/1421"}],"wp:attachment":[{"href":"https:\/\/www.cnjieyao.com\/es\/wp-json\/wp\/v2\/media?parent=1628"}],"wp:term":[{"taxonomy":"product_brand","embeddable":true,"href":"https:\/\/www.cnjieyao.com\/es\/wp-json\/wp\/v2\/product_brand?post=1628"},{"taxonomy":"product_cat","embeddable":true,"href":"https:\/\/www.cnjieyao.com\/es\/wp-json\/wp\/v2\/product_cat?post=1628"},{"taxonomy":"product_tag","embeddable":true,"href":"https:\/\/www.cnjieyao.com\/es\/wp-json\/wp\/v2\/product_tag?post=1628"}],"curies":[{"name":"wp","href":"https:\/\/api.w.org\/{rel}","templated":true}]}}