{"id":2045,"date":"2024-11-01T13:15:07","date_gmt":"2024-11-01T05:15:07","guid":{"rendered":"https:\/\/www.cnjieyao.com\/product\/jya-035\/"},"modified":"2024-11-01T13:47:17","modified_gmt":"2024-11-01T05:47:17","slug":"jya-035","status":"publish","type":"product","link":"https:\/\/www.cnjieyao.com\/es\/producto\/jya-035\/","title":{"rendered":"JYA-035"},"content":{"rendered":"<table id=\"customers\" class=\"db\" border=\"0\" data-v-29b286fe=\"\">\n<tbody data-v-29b286fe=\"\">\n<tr data-v-29b286fe=\"\">\n<td data-v-29b286fe=\"\">Dimensiones exteriores<\/td>\n<td data-v-29b286fe=\"\">545X285X669 mm<\/td>\n<\/tr>\n<tr data-v-29b286fe=\"\">\n<td data-v-29b286fe=\"\">Tama\u00f1o plegado<\/td>\n<td data-v-29b286fe=\"\">645x285x150 mm<\/td>\n<\/tr>\n<tr data-v-29b286fe=\"\">\n<td data-v-29b286fe=\"\">Paso del eje mm<\/td>\n<td data-v-29b286fe=\"\">445 mm<\/td>\n<\/tr>\n<tr data-v-29b286fe=\"\">\n<td data-v-29b286fe=\"\">Si se expande (primera\/segunda\/tercera marcha) distancia del suelo mm<\/td>\n<td data-v-29b286fe=\"\">619\/669\/719<\/td>\n<\/tr>\n<tr data-v-29b286fe=\"\">\n<td data-v-29b286fe=\"\">Peso neto del coche vac\u00edo<\/td>\n<td data-v-29b286fe=\"\">2,3 KG<\/td>\n<\/tr>\n<tr data-v-29b286fe=\"\">\n<td data-v-29b286fe=\"\">Peso bruto<\/td>\n<td data-v-29b286fe=\"\">3,2 KG<\/td>\n<\/tr>\n<tr>\n<td>Peso m\u00e1ximo de carga<\/td>\n<td>50KG<\/td>\n<\/tr>\n<tr>\n<td>Distancia m\u00ednima al suelo<\/td>\n<td>20<\/td>\n<\/tr>\n<tr>\n<td>Especificaciones de la rueda delantera y trasera (delantera\/trasera)<\/td>\n<td>121X24 mm<\/td>\n<\/tr>\n<tr>\n<td>Tipo de freno<\/td>\n<td>Freno f\u00edsico<\/td>\n<\/tr>\n<tr>\n<td>Regla del pedal (mm)<\/td>\n<td> 286&#215;112 mm<\/td>\n<\/tr>\n<tr>\n<td>Dimensiones de la caja exterior<\/td>\n<td>575X163X290<\/td>\n<\/tr>\n<\/tbody>\n<\/table>\n","protected":false},"excerpt":{"rendered":"<ul>\n<li>Varilla extra\u00edble para guardarla f\u00e1cilmente<\/li>\n<li><strong>2 opciones de conducci\u00f3n:<\/strong> giros rectos o en diagonal<\/li>\n<li><strong>Manillar regulable en altura:<\/strong> Manillar de altura regulable de nivel 3 para ni\u00f1os en crecimiento<\/li>\n<li><strong>Ruedas de 120MM:<\/strong> Ruedas delanteras de 120 mm de pu<\/li>\n<li><strong>Freno trasero:<\/strong> Freno f\u00e1cil de usar dise\u00f1ado para pies peque\u00f1os<\/li>\n<\/ul>\n","protected":false},"featured_media":2038,"comment_status":"open","ping_status":"closed","template":"","meta":[],"product_brand":[],"product_cat":[58],"product_tag":[],"class_list":{"0":"post-2045","1":"product","2":"type-product","3":"status-publish","4":"has-post-thumbnail","6":"product_cat-scooter-infantil","8":"first","9":"instock","10":"shipping-taxable","11":"product-type-simple"},"_links":{"self":[{"href":"https:\/\/www.cnjieyao.com\/es\/wp-json\/wp\/v2\/product\/2045","targetHints":{"allow":["GET"]}}],"collection":[{"href":"https:\/\/www.cnjieyao.com\/es\/wp-json\/wp\/v2\/product"}],"about":[{"href":"https:\/\/www.cnjieyao.com\/es\/wp-json\/wp\/v2\/types\/product"}],"replies":[{"embeddable":true,"href":"https:\/\/www.cnjieyao.com\/es\/wp-json\/wp\/v2\/comments?post=2045"}],"version-history":[{"count":2,"href":"https:\/\/www.cnjieyao.com\/es\/wp-json\/wp\/v2\/product\/2045\/revisions"}],"predecessor-version":[{"id":2055,"href":"https:\/\/www.cnjieyao.com\/es\/wp-json\/wp\/v2\/product\/2045\/revisions\/2055"}],"wp:featuredmedia":[{"embeddable":true,"href":"https:\/\/www.cnjieyao.com\/es\/wp-json\/wp\/v2\/media\/2038"}],"wp:attachment":[{"href":"https:\/\/www.cnjieyao.com\/es\/wp-json\/wp\/v2\/media?parent=2045"}],"wp:term":[{"taxonomy":"product_brand","embeddable":true,"href":"https:\/\/www.cnjieyao.com\/es\/wp-json\/wp\/v2\/product_brand?post=2045"},{"taxonomy":"product_cat","embeddable":true,"href":"https:\/\/www.cnjieyao.com\/es\/wp-json\/wp\/v2\/product_cat?post=2045"},{"taxonomy":"product_tag","embeddable":true,"href":"https:\/\/www.cnjieyao.com\/es\/wp-json\/wp\/v2\/product_tag?post=2045"}],"curies":[{"name":"wp","href":"https:\/\/api.w.org\/{rel}","templated":true}]}}